{"id":77,"date":"2025-08-27T09:56:38","date_gmt":"2025-08-27T07:56:38","guid":{"rendered":"https:\/\/besten10.es\/cbumbrete\/?page_id=77"},"modified":"2025-09-10T12:50:29","modified_gmt":"2025-09-10T10:50:29","slug":"tiendaoficial","status":"publish","type":"page","link":"https:\/\/besten10.es\/cbumbrete\/","title":{"rendered":"Tienda"},"content":{"rendered":"<p>[et_pb_section fb_built=\u00bb1&#8243; _builder_version=\u00bb4.27.4&#8243; _module_preset=\u00bbdefault\u00bb custom_padding=\u00bb50px||0px|||\u00bb global_colors_info=\u00bb{}\u00bb][et_pb_row column_structure=\u00bb1_5,1_5,1_5,1_5,1_5&#8243; _builder_version=\u00bb4.27.4&#8243; _module_preset=\u00bbdefault\u00bb custom_padding=\u00bb||0px|||\u00bb global_colors_info=\u00bb{}\u00bb][et_pb_column type=\u00bb1_5&#8243; _builder_version=\u00bb4.27.4&#8243; _module_preset=\u00bbdefault\u00bb global_colors_info=\u00bb{}\u00bb][\/et_pb_column][et_pb_column type=\u00bb1_5&#8243; _builder_version=\u00bb4.27.4&#8243; _module_preset=\u00bbdefault\u00bb global_colors_info=\u00bb{}\u00bb][\/et_pb_column][et_pb_column type=\u00bb1_5&#8243; _builder_version=\u00bb4.27.4&#8243; _module_preset=\u00bbdefault\u00bb global_colors_info=\u00bb{}\u00bb][et_pb_image src=\u00bbhttps:\/\/besten10.es\/cbumbrete\/wp-content\/uploads\/sites\/11\/2025\/09\/cb-umbrete.jpg\u00bb title_text=\u00bbcb-umbrete\u00bb _builder_version=\u00bb4.27.4&#8243; _module_preset=\u00bbdefault\u00bb global_colors_info=\u00bb{}\u00bb][\/et_pb_image][\/et_pb_column][et_pb_column type=\u00bb1_5&#8243; _builder_version=\u00bb4.27.4&#8243; _module_preset=\u00bbdefault\u00bb global_colors_info=\u00bb{}\u00bb][\/et_pb_column][et_pb_column type=\u00bb1_5&#8243; _builder_version=\u00bb4.27.4&#8243; _module_preset=\u00bbdefault\u00bb global_colors_info=\u00bb{}\u00bb][\/et_pb_column][\/et_pb_row][et_pb_row _builder_version=\u00bb4.27.4&#8243; _module_preset=\u00bbdefault\u00bb global_colors_info=\u00bb{}\u00bb][et_pb_column type=\u00bb4_4&#8243; _builder_version=\u00bb4.27.4&#8243; _module_preset=\u00bbdefault\u00bb global_colors_info=\u00bb{}\u00bb][et_pb_text _builder_version=\u00bb4.27.4&#8243; _module_preset=\u00bbdefault\u00bb global_colors_info=\u00bb{}\u00bb]<\/p>\n<h2 style=\"text-align: center;\"><strong>Tienda Oficial Club Baloncesto Umbrete<\/strong><\/h2>\n<p>[\/et_pb_text][\/et_pb_column][\/et_pb_row][\/et_pb_section][et_pb_section fb_built=\u00bb1&#8243; fullwidth=\u00bbon\u00bb _builder_version=\u00bb4.27.4&#8243; _module_preset=\u00bbdefault\u00bb background_image=\u00bbhttps:\/\/besten10.es\/cbumbrete\/wp-content\/uploads\/sites\/11\/2025\/08\/banner-tienda-scaled.jpg\u00bb parallax=\u00bbon\u00bb custom_padding=\u00bb250px||250px||false|false\u00bb global_colors_info=\u00bb{}\u00bb][\/et_pb_section][et_pb_section fb_built=\u00bb1&#8243; _builder_version=\u00bb4.27.4&#8243; _module_preset=\u00bbdefault\u00bb background_color=\u00bb#f9b428&#8243; custom_padding=\u00bb0px|||||\u00bb hover_enabled=\u00bb0&#8243; global_colors_info=\u00bb{}\u00bb sticky_enabled=\u00bb0&#8243;][et_pb_row _builder_version=\u00bb4.27.4&#8243; _module_preset=\u00bbdefault\u00bb global_colors_info=\u00bb{}\u00bb][et_pb_column type=\u00bb4_4&#8243; _builder_version=\u00bb4.27.4&#8243; _module_preset=\u00bbdefault\u00bb global_colors_info=\u00bb{}\u00bb][et_pb_code _builder_version=\u00bb4.27.4&#8243; _module_preset=\u00bbdefault\u00bb hover_enabled=\u00bb0&#8243; global_colors_info=\u00bb{}\u00bb sticky_enabled=\u00bb0&#8243;]<\/p>\n<div style=\"text-align: center; color: black;\"><!-- [et_pb_line_break_holder] -->  <\/p>\n<div id=\"proxima-produccion\" style=\"font-weight: bold; font-size: 30px;\"><!-- [et_pb_line_break_holder] -->    Fecha de entrada en producci\u00f3n: <span id=\"fecha-texto\"><\/span><!-- [et_pb_line_break_holder] -->  <\/div>\n<p><!-- [et_pb_line_break_holder] --><!-- [et_pb_line_break_holder] -->  <\/p>\n<div id=\"fecha-envio\" style=\"font-weight: normal; font-size: 20px; margin-top: 5px;\"><!-- [et_pb_line_break_holder] -->    Fecha aproximada de env\u00edo: 20 d\u00edas desde la entrada en producci\u00f3n<!-- [et_pb_line_break_holder] -->  <\/div>\n<p><!-- [et_pb_line_break_holder] --><\/div>\n<p><!-- [et_pb_line_break_holder] --><!-- [et_pb_line_break_holder] --><script><!-- [et_pb_line_break_holder] -->(function() {<!-- [et_pb_line_break_holder] -->    var hoy = new Date();<!-- [et_pb_line_break_holder] -->    var dia = hoy.getDate();<!-- [et_pb_line_break_holder] -->    var mes = hoy.getMonth(); \/\/ 0 = enero<!-- [et_pb_line_break_holder] -->    var anio = hoy.getFullYear();<!-- [et_pb_line_break_holder] -->    var proximaFecha;<!-- [et_pb_line_break_holder] --><!-- [et_pb_line_break_holder] -->    if (dia <= 15) {<!-- [et_pb_line_break_holder] -->        \/\/ Del 1 al 15 \u2192 producci\u00f3n el d\u00eda 16 del mismo mes<!-- [et_pb_line_break_holder] -->        proximaFecha = new Date(anio, mes, 16);<!-- [et_pb_line_break_holder] -->    } else {<!-- [et_pb_line_break_holder] -->        \/\/ Del 16 al fin de mes \u2192 producci\u00f3n el d\u00eda 1 del siguiente mes<!-- [et_pb_line_break_holder] -->        if (mes === 11) { \/\/ diciembre \u2192 siguiente a\u00f1o<!-- [et_pb_line_break_holder] -->            proximaFecha = new Date(anio + 1, 0, 1);<!-- [et_pb_line_break_holder] -->        } else {<!-- [et_pb_line_break_holder] -->            proximaFecha = new Date(anio, mes + 1, 1);<!-- [et_pb_line_break_holder] -->        }<!-- [et_pb_line_break_holder] -->    }<!-- [et_pb_line_break_holder] --><!-- [et_pb_line_break_holder] -->    var meses = [\"enero\",\"febrero\",\"marzo\",\"abril\",\"mayo\",\"junio\",\"julio\",\"agosto\",\"septiembre\",\"octubre\",\"noviembre\",\"diciembre\"];<!-- [et_pb_line_break_holder] -->    var fechaTexto = proximaFecha.getDate() + \" de \" + meses[proximaFecha.getMonth()] + \" de \" + proximaFecha.getFullYear();<!-- [et_pb_line_break_holder] --><!-- [et_pb_line_break_holder] -->    document.getElementById(\"fecha-texto\").innerText = fechaTexto;<!-- [et_pb_line_break_holder] -->})();<!-- [et_pb_line_break_holder] --><\/script><!-- [et_pb_line_break_holder] -->[\/et_pb_code][\/et_pb_column][\/et_pb_row][\/et_pb_section][et_pb_section fb_built=\u00bb1&#8243; _builder_version=\u00bb4.27.4&#8243; _module_preset=\u00bbdefault\u00bb global_colors_info=\u00bb{}\u00bb][et_pb_row _builder_version=\u00bb4.27.4&#8243; _module_preset=\u00bbdefault\u00bb global_colors_info=\u00bb{}\u00bb][et_pb_column type=\u00bb4_4&#8243; _builder_version=\u00bb4.27.4&#8243; _module_preset=\u00bbdefault\u00bb global_colors_info=\u00bb{}\u00bb][et_pb_shop posts_number=\u00bb99&#8243; columns_number=\u00bb3&#8243; hover_icon=\u00bb&#xe07a;||divi||400&#8243; show_rating=\u00bboff\u00bb _builder_version=\u00bb4.27.4&#8243; _module_preset=\u00bbdefault\u00bb title_font=\u00bb||||||||\u00bb title_text_align=\u00bbcenter\u00bb title_font_size=\u00bb18px\u00bb price_font=\u00bb|700|||||||\u00bb price_text_align=\u00bbcenter\u00bb price_text_color=\u00bb#0C71C3&#8243; price_font_size=\u00bb20px\u00bb hover_enabled=\u00bb0&#8243; global_colors_info=\u00bb{}\u00bb sticky_enabled=\u00bb0&#8243;][\/et_pb_shop][\/et_pb_column][\/et_pb_row][\/et_pb_section]<\/p>\n","protected":false},"excerpt":{"rendered":"<p>Tienda Oficial Club Baloncesto Umbrete<\/p>\n","protected":false},"author":1,"featured_media":0,"parent":0,"menu_order":0,"comment_status":"closed","ping_status":"closed","template":"","meta":{"_et_pb_use_builder":"on","_et_pb_old_content":"","_et_gb_content_width":"","footnotes":""},"class_list":["post-77","page","type-page","status-publish","hentry"],"aioseo_notices":[],"_links":{"self":[{"href":"https:\/\/besten10.es\/cbumbrete\/wp-json\/wp\/v2\/pages\/77","targetHints":{"allow":["GET"]}}],"collection":[{"href":"https:\/\/besten10.es\/cbumbrete\/wp-json\/wp\/v2\/pages"}],"about":[{"href":"https:\/\/besten10.es\/cbumbrete\/wp-json\/wp\/v2\/types\/page"}],"author":[{"embeddable":true,"href":"https:\/\/besten10.es\/cbumbrete\/wp-json\/wp\/v2\/users\/1"}],"replies":[{"embeddable":true,"href":"https:\/\/besten10.es\/cbumbrete\/wp-json\/wp\/v2\/comments?post=77"}],"version-history":[{"count":45,"href":"https:\/\/besten10.es\/cbumbrete\/wp-json\/wp\/v2\/pages\/77\/revisions"}],"predecessor-version":[{"id":494,"href":"https:\/\/besten10.es\/cbumbrete\/wp-json\/wp\/v2\/pages\/77\/revisions\/494"}],"wp:attachment":[{"href":"https:\/\/besten10.es\/cbumbrete\/wp-json\/wp\/v2\/media?parent=77"}],"curies":[{"name":"wp","href":"https:\/\/api.w.org\/{rel}","templated":true}]}}